{"id":52,"date":"2026-02-22T23:26:43","date_gmt":"2026-02-22T21:26:43","guid":{"rendered":"https:\/\/sama-obrt.zumesite.com\/wp-staging\/product\/djecja-majica-mali-hrvat\/"},"modified":"2026-04-21T15:50:09","modified_gmt":"2026-04-21T13:50:09","slug":"djecja-majica-mali-hrvat","status":"publish","type":"product","link":"https:\/\/sama-obrt.zumesite.com\/wp-staging\/product\/djecja-majica-mali-hrvat\/","title":{"rendered":"Artikl 2001 &#8211; Dje\u010dja majica kratki rukav &#8211; plava s \u010detri ribe"},"content":{"rendered":"<p>Mekana dje\u010dja majica s motivom ribe, plave ili natur boje . Dostupna u veli\u010dinama 92\u2013140 cm.<\/p>\n<ul>\n<li>92 % pamuk, 8% elastan ;ekstra mekano pletivo za osjetljivu ko\u017eu<\/li>\n<li>Veli\u010dine: 92, 104, 116, 128, 140<\/li>\n<li>Perivo na 40\u00b0C<\/li>\n<\/ul>\n","protected":false},"excerpt":{"rendered":"<p>Mekana dje\u010dja majica s motivima ribica<\/p>\n","protected":false},"featured_media":405,"template":"","meta":[],"product_brand":[],"product_cat":[20],"product_tag":[],"class_list":{"0":"post-52","1":"product","2":"type-product","3":"status-publish","4":"has-post-thumbnail","6":"product_cat-suvenirna-odijeca","8":"first","9":"instock","10":"shipping-taxable","11":"purchasable","12":"product-type-variable"},"_links":{"self":[{"href":"https:\/\/sama-obrt.zumesite.com\/wp-staging\/wp-json\/wp\/v2\/product\/52","targetHints":{"allow":["GET"]}}],"collection":[{"href":"https:\/\/sama-obrt.zumesite.com\/wp-staging\/wp-json\/wp\/v2\/product"}],"about":[{"href":"https:\/\/sama-obrt.zumesite.com\/wp-staging\/wp-json\/wp\/v2\/types\/product"}],"wp:featuredmedia":[{"embeddable":true,"href":"https:\/\/sama-obrt.zumesite.com\/wp-staging\/wp-json\/wp\/v2\/media\/405"}],"wp:attachment":[{"href":"https:\/\/sama-obrt.zumesite.com\/wp-staging\/wp-json\/wp\/v2\/media?parent=52"}],"wp:term":[{"taxonomy":"product_brand","embeddable":true,"href":"https:\/\/sama-obrt.zumesite.com\/wp-staging\/wp-json\/wp\/v2\/product_brand?post=52"},{"taxonomy":"product_cat","embeddable":true,"href":"https:\/\/sama-obrt.zumesite.com\/wp-staging\/wp-json\/wp\/v2\/product_cat?post=52"},{"taxonomy":"product_tag","embeddable":true,"href":"https:\/\/sama-obrt.zumesite.com\/wp-staging\/wp-json\/wp\/v2\/product_tag?post=52"}],"curies":[{"name":"wp","href":"https:\/\/api.w.org\/{rel}","templated":true}]}}