{"id":48,"date":"2026-02-22T23:26:42","date_gmt":"2026-02-22T21:26:42","guid":{"rendered":"https:\/\/sama-obrt.zumesite.com\/wp-staging\/product\/plisana-riba-jadranka\/"},"modified":"2026-03-10T10:25:36","modified_gmt":"2026-03-10T08:25:36","slug":"plisana-riba-jadranka","status":"publish","type":"product","link":"https:\/\/sama-obrt.zumesite.com\/wp-staging\/product\/plisana-riba-jadranka\/","title":{"rendered":"Pli\u0161ana riba &#8220;Srednja&#8221;"},"content":{"rendered":"<p>\u017divopisna riba s tradicijskim \u0161arenim uzorkom \u2014 savr\u0161ena kao ukrasni jastuk ili igra\u010dka. Veli\u010dina 25 cm.<\/p>\n<ul>\n<li>Dimenzije: 25\u00d715 cm<\/li>\n<li>Materijal: pamuk 100% i punjenje od poliestera<\/li>\n<li>Ru\u010dna izrada, perivo na 30\u00b0C<\/li>\n<\/ul>\n","protected":false},"excerpt":{"rendered":"<p>\u0160arena pli\u0161ana riba s folklornim motivima \u2014 ukras i igra\u010dka u jednom.<\/p>\n","protected":false},"featured_media":131,"template":"","meta":[],"product_brand":[],"product_cat":[19],"product_tag":[],"class_list":{"0":"post-48","1":"product","2":"type-product","3":"status-publish","4":"has-post-thumbnail","6":"product_cat-plisane-igracke","8":"first","9":"instock","10":"shipping-taxable","11":"purchasable","12":"product-type-variable"},"_links":{"self":[{"href":"https:\/\/sama-obrt.zumesite.com\/wp-staging\/wp-json\/wp\/v2\/product\/48","targetHints":{"allow":["GET"]}}],"collection":[{"href":"https:\/\/sama-obrt.zumesite.com\/wp-staging\/wp-json\/wp\/v2\/product"}],"about":[{"href":"https:\/\/sama-obrt.zumesite.com\/wp-staging\/wp-json\/wp\/v2\/types\/product"}],"wp:featuredmedia":[{"embeddable":true,"href":"https:\/\/sama-obrt.zumesite.com\/wp-staging\/wp-json\/wp\/v2\/media\/131"}],"wp:attachment":[{"href":"https:\/\/sama-obrt.zumesite.com\/wp-staging\/wp-json\/wp\/v2\/media?parent=48"}],"wp:term":[{"taxonomy":"product_brand","embeddable":true,"href":"https:\/\/sama-obrt.zumesite.com\/wp-staging\/wp-json\/wp\/v2\/product_brand?post=48"},{"taxonomy":"product_cat","embeddable":true,"href":"https:\/\/sama-obrt.zumesite.com\/wp-staging\/wp-json\/wp\/v2\/product_cat?post=48"},{"taxonomy":"product_tag","embeddable":true,"href":"https:\/\/sama-obrt.zumesite.com\/wp-staging\/wp-json\/wp\/v2\/product_tag?post=48"}],"curies":[{"name":"wp","href":"https:\/\/api.w.org\/{rel}","templated":true}]}}