{"id":244,"date":"2026-03-16T15:55:51","date_gmt":"2026-03-16T13:55:51","guid":{"rendered":"https:\/\/sama-obrt.zumesite.com\/wp-staging\/?post_type=product&#038;p=244"},"modified":"2026-03-16T15:58:37","modified_gmt":"2026-03-16T13:58:37","slug":"artikl-3004-suvenir-djecja-tunika-kimono-rukav-s-bocnim-dzepovima-tirkizne-pruge-motiv-stiliziranih-ribica","status":"publish","type":"product","link":"https:\/\/sama-obrt.zumesite.com\/wp-staging\/product\/artikl-3004-suvenir-djecja-tunika-kimono-rukav-s-bocnim-dzepovima-tirkizne-pruge-motiv-stiliziranih-ribica\/","title":{"rendered":"Artikl 3004- Suvenir dje\u010dja tunika kimono rukav s bo\u010dnim d\u017eepovima tirkizne pruge- motiv stiliziranih ribica"},"content":{"rendered":"<p>Mekana dje\u010dja haljina s motivom ribe, tirkizne i bijele sitne pruge, bo\u010dni d\u017eepovi . Dostupna u veli\u010dinama 92\u2013140 cm.<\/p>\n<ul>\n<li>100% pamuk, ekstra mekano predivo za osjetljivu ko\u017eu<\/li>\n<li>Veli\u010dine: 92, 104, 116, 128, 140<\/li>\n<li>Perivo na 40\u00b0C<\/li>\n<\/ul>\n<p>Personalizacija (logo, naziv, lokacija i dr.) kao i na\u010din izrade (HTV, \u0161tikano, sublimacijski tisak) dostupni su na zahtjev.<\/p>\n","protected":false},"excerpt":{"rendered":"<p>Mekana dje\u010dja haljina s motivima morskih riba<\/p>\n","protected":false},"featured_media":195,"template":"","meta":[],"product_brand":[],"product_cat":[27],"product_tag":[],"class_list":{"0":"post-244","1":"product","2":"type-product","3":"status-publish","4":"has-post-thumbnail","6":"product_cat-djecje-haljine","8":"first","9":"instock","10":"shipping-taxable","11":"purchasable","12":"product-type-variable"},"_links":{"self":[{"href":"https:\/\/sama-obrt.zumesite.com\/wp-staging\/wp-json\/wp\/v2\/product\/244","targetHints":{"allow":["GET"]}}],"collection":[{"href":"https:\/\/sama-obrt.zumesite.com\/wp-staging\/wp-json\/wp\/v2\/product"}],"about":[{"href":"https:\/\/sama-obrt.zumesite.com\/wp-staging\/wp-json\/wp\/v2\/types\/product"}],"wp:featuredmedia":[{"embeddable":true,"href":"https:\/\/sama-obrt.zumesite.com\/wp-staging\/wp-json\/wp\/v2\/media\/195"}],"wp:attachment":[{"href":"https:\/\/sama-obrt.zumesite.com\/wp-staging\/wp-json\/wp\/v2\/media?parent=244"}],"wp:term":[{"taxonomy":"product_brand","embeddable":true,"href":"https:\/\/sama-obrt.zumesite.com\/wp-staging\/wp-json\/wp\/v2\/product_brand?post=244"},{"taxonomy":"product_cat","embeddable":true,"href":"https:\/\/sama-obrt.zumesite.com\/wp-staging\/wp-json\/wp\/v2\/product_cat?post=244"},{"taxonomy":"product_tag","embeddable":true,"href":"https:\/\/sama-obrt.zumesite.com\/wp-staging\/wp-json\/wp\/v2\/product_tag?post=244"}],"curies":[{"name":"wp","href":"https:\/\/api.w.org\/{rel}","templated":true}]}}