{"id":181,"date":"2026-03-16T15:26:37","date_gmt":"2026-03-16T13:26:37","guid":{"rendered":"https:\/\/sama-obrt.zumesite.com\/wp-staging\/?post_type=product&#038;p=181"},"modified":"2026-03-16T15:28:07","modified_gmt":"2026-03-16T13:28:07","slug":"artikl-2006-djecja-majica-kratki-rukav-motiv-kornjace-natur-sa-sitnim-prugastim-rukavom","status":"publish","type":"product","link":"https:\/\/sama-obrt.zumesite.com\/wp-staging\/product\/artikl-2006-djecja-majica-kratki-rukav-motiv-kornjace-natur-sa-sitnim-prugastim-rukavom\/","title":{"rendered":"Artikl 2006 &#8211; Dje\u010dja majica kratki rukav motiv kornja\u010de &#8211; natur sa sitnim prugastim rukavom"},"content":{"rendered":"<p>Mekana dje\u010dja majica s motivom kornja\u010de, natur s plavo bijelim rukavima . Dostupna u veli\u010dinama 92\u2013140 cm.<\/p>\n<ul>\n<li>100% pamuk, ekstra mekano predivo za osjetljivu ko\u017eu<\/li>\n<li>Veli\u010dine: 92, 104, 116, 128, 140<\/li>\n<li>Perivo na 40\u00b0C<\/li>\n<\/ul>\n","protected":false},"excerpt":{"rendered":"<p>Mekana dje\u010dja majica s motivima morskih riba<\/p>\n","protected":false},"featured_media":169,"template":"","meta":[],"product_brand":[],"product_cat":[20],"product_tag":[],"class_list":{"0":"post-181","1":"product","2":"type-product","3":"status-publish","4":"has-post-thumbnail","6":"product_cat-suvenirna-odijeca","8":"first","9":"instock","10":"shipping-taxable","11":"purchasable","12":"product-type-variable"},"_links":{"self":[{"href":"https:\/\/sama-obrt.zumesite.com\/wp-staging\/wp-json\/wp\/v2\/product\/181","targetHints":{"allow":["GET"]}}],"collection":[{"href":"https:\/\/sama-obrt.zumesite.com\/wp-staging\/wp-json\/wp\/v2\/product"}],"about":[{"href":"https:\/\/sama-obrt.zumesite.com\/wp-staging\/wp-json\/wp\/v2\/types\/product"}],"wp:featuredmedia":[{"embeddable":true,"href":"https:\/\/sama-obrt.zumesite.com\/wp-staging\/wp-json\/wp\/v2\/media\/169"}],"wp:attachment":[{"href":"https:\/\/sama-obrt.zumesite.com\/wp-staging\/wp-json\/wp\/v2\/media?parent=181"}],"wp:term":[{"taxonomy":"product_brand","embeddable":true,"href":"https:\/\/sama-obrt.zumesite.com\/wp-staging\/wp-json\/wp\/v2\/product_brand?post=181"},{"taxonomy":"product_cat","embeddable":true,"href":"https:\/\/sama-obrt.zumesite.com\/wp-staging\/wp-json\/wp\/v2\/product_cat?post=181"},{"taxonomy":"product_tag","embeddable":true,"href":"https:\/\/sama-obrt.zumesite.com\/wp-staging\/wp-json\/wp\/v2\/product_tag?post=181"}],"curies":[{"name":"wp","href":"https:\/\/api.w.org\/{rel}","templated":true}]}}