{"id":161,"date":"2026-03-16T15:19:21","date_gmt":"2026-03-16T13:19:21","guid":{"rendered":"https:\/\/sama-obrt.zumesite.com\/wp-staging\/?post_type=product&#038;p=161"},"modified":"2026-03-16T15:22:26","modified_gmt":"2026-03-16T13:22:26","slug":"artikl-2002-djecja-majica-kratki-rukav-natur-s-cetri-ribe","status":"publish","type":"product","link":"https:\/\/sama-obrt.zumesite.com\/wp-staging\/product\/artikl-2002-djecja-majica-kratki-rukav-natur-s-cetri-ribe\/","title":{"rendered":"Artikl 2002 &#8211; Dje\u010dja majica kratki rukav &#8211; natur s \u010detri ribe"},"content":{"rendered":"<p>Mekana dje\u010dja majica s motivom ribe, natur bijele boje . Dostupna u veli\u010dinama 92\u2013140 cm.<\/p>\n<ul>\n<li>100% pamuk, ekstra mekano predivo za osjetljivu ko\u017eu<\/li>\n<li>Veli\u010dine: 92, 104, 116, 128, 140<\/li>\n<li>Perivo na 40\u00b0C<\/li>\n<\/ul>\n","protected":false},"excerpt":{"rendered":"<p>Mekana dje\u010dja majica s motivima morskih riba<\/p>\n","protected":false},"featured_media":0,"template":"","meta":[],"product_brand":[],"product_cat":[20],"product_tag":[],"class_list":{"0":"post-161","1":"product","2":"type-product","3":"status-publish","5":"product_cat-suvenirna-odijeca","7":"first","8":"instock","9":"shipping-taxable","10":"purchasable","11":"product-type-variable"},"_links":{"self":[{"href":"https:\/\/sama-obrt.zumesite.com\/wp-staging\/wp-json\/wp\/v2\/product\/161","targetHints":{"allow":["GET"]}}],"collection":[{"href":"https:\/\/sama-obrt.zumesite.com\/wp-staging\/wp-json\/wp\/v2\/product"}],"about":[{"href":"https:\/\/sama-obrt.zumesite.com\/wp-staging\/wp-json\/wp\/v2\/types\/product"}],"wp:attachment":[{"href":"https:\/\/sama-obrt.zumesite.com\/wp-staging\/wp-json\/wp\/v2\/media?parent=161"}],"wp:term":[{"taxonomy":"product_brand","embeddable":true,"href":"https:\/\/sama-obrt.zumesite.com\/wp-staging\/wp-json\/wp\/v2\/product_brand?post=161"},{"taxonomy":"product_cat","embeddable":true,"href":"https:\/\/sama-obrt.zumesite.com\/wp-staging\/wp-json\/wp\/v2\/product_cat?post=161"},{"taxonomy":"product_tag","embeddable":true,"href":"https:\/\/sama-obrt.zumesite.com\/wp-staging\/wp-json\/wp\/v2\/product_tag?post=161"}],"curies":[{"name":"wp","href":"https:\/\/api.w.org\/{rel}","templated":true}]}}