{"id":66,"date":"2026-02-23T13:36:45","date_gmt":"2026-02-23T11:36:45","guid":{"rendered":"https:\/\/sama-obrt.zumesite.com\/wp-staging\/pocetna\/"},"modified":"2026-03-28T12:21:24","modified_gmt":"2026-03-28T10:21:24","slug":"pocetna","status":"publish","type":"page","link":"https:\/\/sama-obrt.zumesite.com\/wp-staging\/","title":{"rendered":"Po\u010detna"},"content":{"rendered":"\n<div class=\"wp-block-cover alignfull is-light is-dark\" style=\"padding-top:0;padding-bottom:var(--wp--preset--spacing--80);min-height:620px;aspect-ratio:unset;\"><img loading=\"lazy\" decoding=\"async\" width=\"1024\" height=\"572\" class=\"wp-block-cover__image-background wp-image-109 size-large\" alt=\"\" src=\"https:\/\/sama-obrt.zumesite.com\/wp-staging\/wp-content\/uploads\/2026\/03\/generated-image-f5c8a6fc-cb56-4206-80ed-28056f44699b-1024x572.png\" data-object-fit=\"cover\" srcset=\"https:\/\/sama-obrt.zumesite.com\/wp-staging\/wp-content\/uploads\/2026\/03\/generated-image-f5c8a6fc-cb56-4206-80ed-28056f44699b-1024x572.png 1024w, https:\/\/sama-obrt.zumesite.com\/wp-staging\/wp-content\/uploads\/2026\/03\/generated-image-f5c8a6fc-cb56-4206-80ed-28056f44699b-300x167.png 300w, https:\/\/sama-obrt.zumesite.com\/wp-staging\/wp-content\/uploads\/2026\/03\/generated-image-f5c8a6fc-cb56-4206-80ed-28056f44699b-768x429.png 768w, https:\/\/sama-obrt.zumesite.com\/wp-staging\/wp-content\/uploads\/2026\/03\/generated-image-f5c8a6fc-cb56-4206-80ed-28056f44699b-600x335.png 600w, https:\/\/sama-obrt.zumesite.com\/wp-staging\/wp-content\/uploads\/2026\/03\/generated-image-f5c8a6fc-cb56-4206-80ed-28056f44699b.png 1376w\" sizes=\"auto, (max-width: 1024px) 100vw, 1024px\" \/><span aria-hidden=\"true\" class=\"wp-block-cover__background has-background-dim-60 has-background-dim\" style=\"background-color:#9b9399\"><\/span><div class=\"wp-block-cover__inner-container is-layout-flow wp-block-cover-is-layout-flow\">\n<div class=\"wp-block-group is-layout-constrained wp-block-group-is-layout-constrained wp-container-core-group-is-layout-9c0a1a88\" style=\"padding-right:var(--wp--preset--spacing--50);padding-left:var(--wp--preset--spacing--50)\">\n<p class=\"has-text-align-center has-white-color has-text-color\" style=\"font-size:0.85rem;font-weight:600;letter-spacing:0.15em;text-transform:uppercase\">&#x1f1ed;&#x1f1f7; Hrvatska \u00b7 Tradicija \u00b7 Kvaliteta<\/p>\n\n\n\n<h1 class=\"wp-block-heading has-text-align-center has-white-color has-text-color has-playfair-display-font-family\" style=\"margin-top:var(--wp--preset--spacing--30);margin-bottom:var(--wp--preset--spacing--40)\">Dobrodo\u0161li u SaMa Obrt<\/h1>\n\n\n\n<p class=\"has-text-align-center has-white-color has-text-color has-large-font-size\" style=\"margin-bottom:var(--wp--preset--spacing--60)\">Autenti\u010dni hrvatski suveniri \u2014 pli\u0161ane igra\u010dke i odje\u0107a, ra\u0111eni s ljubavlju u srcu kontinentalne Hrvatske.<\/p>\n\n\n\n<div class=\"wp-block-buttons is-content-justification-center is-layout-flex wp-block-buttons-is-layout-flex wp-container-core-buttons-is-layout-007a9c89\">\n<div class=\"wp-block-button\"><a class=\"wp-block-button__link has-white-color has-secondary-background-color has-text-color has-background wp-element-button\" href=\"\/wp-staging\/shop\/\" style=\"border-radius:6px\">Pogledaj ponudu<\/a><\/div>\n\n\n\n<div class=\"wp-block-button is-style-outline is-style-outline--1\"><a class=\"wp-block-button__link has-white-color has-text-color has-border-color wp-element-button\" href=\"\/wp-staging\/contact-us\/\" style=\"border-color:var(--wp--preset--color--white);border-width:2px;border-radius:6px\">Kontaktirajte nas<\/a><\/div>\n<\/div>\n<\/div>\n<\/div><\/div>\n\n\n\n<div class=\"wp-block-group alignfull is-layout-constrained wp-block-group-is-layout-constrained wp-container-core-group-is-layout-a47e864c\" style=\"padding-top:var(--wp--preset--spacing--80);padding-right:var(--wp--preset--spacing--50);padding-bottom:var(--wp--preset--spacing--80);padding-left:var(--wp--preset--spacing--50)\">\n<div class=\"wp-block-columns alignwide is-layout-flex wp-block-columns-is-layout-flex wp-container-core-columns-is-layout-f5a44f5b\">\n<div class=\"wp-block-column is-layout-flow wp-block-column-is-layout-flow\" style=\"padding-right:var(--wp--preset--spacing--50);flex-basis:50%\">\n<figure class=\"wp-block-image size-large has-custom-border\"><img decoding=\"async\" src=\"https:\/\/sama-obrt.zumesite.com\/wp-staging\/wp-content\/uploads\/2026\/02\/sama-shop-intro.jpg\" alt=\"SaMa Obrt \u2014 obiteljska radionica\" style=\"border-radius:16px\"\/><\/figure>\n<\/div>\n\n\n\n<div class=\"wp-block-column is-vertically-aligned-center is-layout-flow wp-block-column-is-layout-flow\" style=\"flex-basis:50%\">\n<p class=\"has-accent-color has-text-color\" style=\"font-size:0.85rem;font-weight:700;letter-spacing:0.12em;text-transform:uppercase\">Na\u0161a pri\u010da<\/p>\n\n\n\n<h2 class=\"wp-block-heading has-playfair-display-font-family\">Mali obrt, velika srce<\/h2>\n\n\n\n<p class=\"has-large-font-size\">SaMa Obrt je obiteljska radionica iz Duge Rese, u srcu kontinentalne Hrvatske. Stvaramo autenti\u010dne hrvatske suvenire s ljubavlju \u2014 od suvenir igra\u010daka do suvenir odje\u0107e s tradicijskim motivima.<\/p>\n\n\n\n<p>Svaki na\u0161 proizvod nosi pri\u010du o Hrvatskoj \u2014 o njezinoj prirodi, tradiciji i toplini doma. Savr\u0161eni su pokloni za sve koji \u017eele ponijeti komadi\u0107 Hrvatske sa sobom \u2014 ili ugoditi nekome koga vole.<\/p>\n\n\n\n<div class=\"wp-block-buttons is-layout-flex wp-block-buttons-is-layout-flex\" style=\"margin-top:var(--wp--preset--spacing--50)\">\n<div class=\"wp-block-button\"><a class=\"wp-block-button__link wp-element-button\" href=\"\/wp-staging\/about-us\/\">Saznaj vi\u0161e o nama<\/a><\/div>\n<\/div>\n<\/div>\n<\/div>\n<\/div>\n\n\n\n<div class=\"wp-block-group alignfull is-layout-constrained wp-block-group-is-layout-constrained has-light-background-color has-background wp-container-core-group-is-layout-a47e864c\" style=\"padding-top:var(--wp--preset--spacing--80);padding-right:var(--wp--preset--spacing--50);padding-bottom:var(--wp--preset--spacing--80);padding-left:var(--wp--preset--spacing--50)\">\n<p class=\"has-text-align-center has-accent-color has-text-color\" style=\"font-size:0.85rem;font-weight:700;letter-spacing:0.12em;text-transform:uppercase\">\u0160to nudimo<\/p>\n\n\n\n<h2 class=\"wp-block-heading has-text-align-center has-playfair-display-font-family\" style=\"margin-bottom:var(--wp--preset--spacing--60)\">Na\u0161i proizvodi<\/h2>\n\n\n\n<div class=\"wp-block-columns alignwide is-layout-flex wp-block-columns-is-layout-flex wp-container-core-columns-is-layout-cbe57604\">\n<div class=\"wp-block-column is-layout-flow wp-block-column-is-layout-flow\">\n<div class=\"wp-block-group is-layout-flow wp-block-group-is-layout-flow has-border-color has-background\" style=\"border-color:var(--wp--preset--color--white);border-style:solid;border-width:1px;border-radius:16px;background-color:var(--wp--preset--color--white)\">\n<figure class=\"wp-block-image size-large\"><img loading=\"lazy\" decoding=\"async\" width=\"1024\" height=\"1024\" src=\"https:\/\/sama-obrt.zumesite.com\/wp-staging\/wp-content\/uploads\/2026\/03\/art.5003-suvenir-jastuk-riba-srednja4-1-1024x1024.jpeg\" alt=\"\" class=\"wp-image-281\" srcset=\"https:\/\/sama-obrt.zumesite.com\/wp-staging\/wp-content\/uploads\/2026\/03\/art.5003-suvenir-jastuk-riba-srednja4-1-1024x1024.jpeg 1024w, https:\/\/sama-obrt.zumesite.com\/wp-staging\/wp-content\/uploads\/2026\/03\/art.5003-suvenir-jastuk-riba-srednja4-1-300x300.jpeg 300w, https:\/\/sama-obrt.zumesite.com\/wp-staging\/wp-content\/uploads\/2026\/03\/art.5003-suvenir-jastuk-riba-srednja4-1-150x150.jpeg 150w, https:\/\/sama-obrt.zumesite.com\/wp-staging\/wp-content\/uploads\/2026\/03\/art.5003-suvenir-jastuk-riba-srednja4-1-768x768.jpeg 768w, https:\/\/sama-obrt.zumesite.com\/wp-staging\/wp-content\/uploads\/2026\/03\/art.5003-suvenir-jastuk-riba-srednja4-1-1536x1536.jpeg 1536w, https:\/\/sama-obrt.zumesite.com\/wp-staging\/wp-content\/uploads\/2026\/03\/art.5003-suvenir-jastuk-riba-srednja4-1-600x600.jpeg 600w, https:\/\/sama-obrt.zumesite.com\/wp-staging\/wp-content\/uploads\/2026\/03\/art.5003-suvenir-jastuk-riba-srednja4-1-100x100.jpeg 100w, https:\/\/sama-obrt.zumesite.com\/wp-staging\/wp-content\/uploads\/2026\/03\/art.5003-suvenir-jastuk-riba-srednja4-1.jpeg 1772w\" sizes=\"auto, (max-width: 1024px) 100vw, 1024px\" \/><\/figure>\n\n\n\n<h3 class=\"wp-block-heading has-text-align-center has-playfair-display-font-family has-x-large-font-size\">Igra\u010dke i jastuci<\/h3>\n\n\n\n<p class=\"has-text-align-center has-muted-color has-text-color\">Ru\u010dno izra\u0111ene  igra\u010dke s motivima hrvatske faune i tradicije \u2014 ribe, <br>kornja\u010de i jo\u0161 mnogo toga.<\/p>\n<\/div>\n<\/div>\n\n\n\n<div class=\"wp-block-column is-layout-flow wp-block-column-is-layout-flow\">\n<div class=\"wp-block-group is-layout-flow wp-block-group-is-layout-flow has-border-color has-background\" style=\"border-color:var(--wp--preset--color--white);border-style:solid;border-width:1px;border-radius:16px;background-color:var(--wp--preset--color--white)\">\n<figure class=\"wp-block-image size-large\"><img loading=\"lazy\" decoding=\"async\" width=\"1024\" height=\"1024\" src=\"https:\/\/sama-obrt.zumesite.com\/wp-staging\/wp-content\/uploads\/2026\/03\/art.2004-Dj.majica-kr.ruk_.mornarska-sa-jedrilicom-1-1024x1024.jpeg\" alt=\"\" class=\"wp-image-284\" srcset=\"https:\/\/sama-obrt.zumesite.com\/wp-staging\/wp-content\/uploads\/2026\/03\/art.2004-Dj.majica-kr.ruk_.mornarska-sa-jedrilicom-1-1024x1024.jpeg 1024w, https:\/\/sama-obrt.zumesite.com\/wp-staging\/wp-content\/uploads\/2026\/03\/art.2004-Dj.majica-kr.ruk_.mornarska-sa-jedrilicom-1-300x300.jpeg 300w, https:\/\/sama-obrt.zumesite.com\/wp-staging\/wp-content\/uploads\/2026\/03\/art.2004-Dj.majica-kr.ruk_.mornarska-sa-jedrilicom-1-150x150.jpeg 150w, https:\/\/sama-obrt.zumesite.com\/wp-staging\/wp-content\/uploads\/2026\/03\/art.2004-Dj.majica-kr.ruk_.mornarska-sa-jedrilicom-1-768x768.jpeg 768w, https:\/\/sama-obrt.zumesite.com\/wp-staging\/wp-content\/uploads\/2026\/03\/art.2004-Dj.majica-kr.ruk_.mornarska-sa-jedrilicom-1-1536x1536.jpeg 1536w, https:\/\/sama-obrt.zumesite.com\/wp-staging\/wp-content\/uploads\/2026\/03\/art.2004-Dj.majica-kr.ruk_.mornarska-sa-jedrilicom-1-600x600.jpeg 600w, https:\/\/sama-obrt.zumesite.com\/wp-staging\/wp-content\/uploads\/2026\/03\/art.2004-Dj.majica-kr.ruk_.mornarska-sa-jedrilicom-1-100x100.jpeg 100w, https:\/\/sama-obrt.zumesite.com\/wp-staging\/wp-content\/uploads\/2026\/03\/art.2004-Dj.majica-kr.ruk_.mornarska-sa-jedrilicom-1.jpeg 1772w\" sizes=\"auto, (max-width: 1024px) 100vw, 1024px\" \/><\/figure>\n\n\n\n<h3 class=\"wp-block-heading has-text-align-center has-playfair-display-font-family has-x-large-font-size\" style=\"padding-top:var(--wp--preset--spacing--40)\">Suvenir odje\u0107a za djecu<\/h3>\n\n\n\n<p class=\"has-text-align-center has-muted-color has-text-color\">Haljine, majce i Baby Body s tradicijskim hrvatskim motivima. <br>Idealni pokloni za obitelj i prijatelje diljem svijeta.<\/p>\n<\/div>\n<\/div>\n\n\n\n<div class=\"wp-block-column is-layout-flow wp-block-column-is-layout-flow\">\n<div class=\"wp-block-group is-layout-flow wp-block-group-is-layout-flow has-border-color has-background\" style=\"border-color:var(--wp--preset--color--white);border-style:solid;border-width:1px;border-radius:16px;background-color:var(--wp--preset--color--white)\">\n<figure class=\"wp-block-image size-full\"><img loading=\"lazy\" decoding=\"async\" width=\"600\" height=\"600\" src=\"https:\/\/sama-obrt.zumesite.com\/wp-staging\/wp-content\/uploads\/2026\/03\/woocommerce-placeholder-600x600-1.webp\" alt=\"\" class=\"wp-image-286\" srcset=\"https:\/\/sama-obrt.zumesite.com\/wp-staging\/wp-content\/uploads\/2026\/03\/woocommerce-placeholder-600x600-1.webp 600w, https:\/\/sama-obrt.zumesite.com\/wp-staging\/wp-content\/uploads\/2026\/03\/woocommerce-placeholder-600x600-1-300x300.webp 300w, https:\/\/sama-obrt.zumesite.com\/wp-staging\/wp-content\/uploads\/2026\/03\/woocommerce-placeholder-600x600-1-150x150.webp 150w, https:\/\/sama-obrt.zumesite.com\/wp-staging\/wp-content\/uploads\/2026\/03\/woocommerce-placeholder-600x600-1-100x100.webp 100w\" sizes=\"auto, (max-width: 600px) 100vw, 600px\" \/><\/figure>\n\n\n\n<h3 class=\"wp-block-heading has-text-align-center has-playfair-display-font-family has-x-large-font-size\">Suveniri za odrasle<\/h3>\n\n\n\n<p class=\"has-text-align-center has-muted-color has-text-color\">Odabrani suveniri\u2014 savr\u0161eni za turiste, poslovne partnere ili posebne prilike.<\/p>\n<\/div>\n<\/div>\n<\/div>\n\n\n\n<div class=\"wp-block-buttons is-content-justification-center is-layout-flex wp-block-buttons-is-layout-flex wp-container-core-buttons-is-layout-ba9ea59f\" style=\"margin-top:var(--wp--preset--spacing--60)\">\n<div class=\"wp-block-button\"><a class=\"wp-block-button__link wp-element-button\" href=\"\/wp-staging\/shop\/\">Vidi sve proizvode<\/a><\/div>\n<\/div>\n<\/div>\n\n\n\n<div class=\"wp-block-group alignfull is-layout-constrained wp-block-group-is-layout-constrained wp-container-core-group-is-layout-a47e864c\" style=\"padding-top:var(--wp--preset--spacing--80);padding-right:var(--wp--preset--spacing--50);padding-bottom:var(--wp--preset--spacing--80);padding-left:var(--wp--preset--spacing--50)\">\n<p class=\"has-text-align-center has-accent-color has-text-color\" style=\"font-size:0.85rem;font-weight:700;letter-spacing:0.12em;text-transform:uppercase\">Za\u0161to mi?<\/p>\n\n\n\n<h2 class=\"wp-block-heading has-text-align-center has-playfair-display-font-family\" style=\"margin-bottom:var(--wp--preset--spacing--70)\">Za\u0161to odabrati SaMa Obrt?<\/h2>\n\n\n\n<div class=\"wp-block-columns alignwide is-layout-flex wp-block-columns-is-layout-flex wp-container-core-columns-is-layout-14cf5ab5\">\n<div class=\"wp-block-column is-layout-flow wp-block-column-is-layout-flow\">\n<div class=\"wp-block-group is-layout-flow wp-block-group-is-layout-flow\" style=\"border-left-color:var(--wp--preset--color--accent);border-left-style:solid;border-left-width:4px;padding-left:var(--wp--preset--spacing--50)\">\n<h4 class=\"wp-block-heading has-primary-color has-text-color has-playfair-display-font-family\">&#x1f1ed;&#x1f1f7; Autenti\u010dno hrvatsko<\/h4>\n\n\n\n<p class=\"has-muted-color has-text-color\">Svi na\u0161i proizvodi su originalno hrvatskog porijekla, inspirirani bogatom kulturom, prirodom i tradicijom na\u0161e domovine.<\/p>\n<\/div>\n<\/div>\n\n\n\n<div class=\"wp-block-column is-layout-flow wp-block-column-is-layout-flow\">\n<div class=\"wp-block-group is-layout-flow wp-block-group-is-layout-flow\" style=\"border-left-color:var(--wp--preset--color--secondary);border-left-style:solid;border-left-width:4px;padding-left:var(--wp--preset--spacing--50)\">\n<h4 class=\"wp-block-heading has-primary-color has-text-color has-playfair-display-font-family\">&#x2764;&#xfe0f; Obiteljska radionica<\/h4>\n\n\n\n<p class=\"has-muted-color has-text-color\">Iza svakog proizvoda stoji na\u0161a obitelj i na\u0161a strast. Svaki detalj ra\u0111en je s pa\u017enjom i srcem.<\/p>\n<\/div>\n<\/div>\n\n\n\n<div class=\"wp-block-column is-layout-flow wp-block-column-is-layout-flow\">\n<div class=\"wp-block-group is-layout-flow wp-block-group-is-layout-flow\" style=\"border-left-color:var(--wp--preset--color--accent);border-left-style:solid;border-left-width:4px;padding-left:var(--wp--preset--spacing--50)\">\n<h4 class=\"wp-block-heading has-primary-color has-text-color has-playfair-display-font-family\">&#x1f4e6; Brza dostava<\/h4>\n\n\n\n<p class=\"has-muted-color has-text-color\">\u0160aljemo \u0161irom Hrvatske i Europe. Va\u0161a narud\u017eba dolazi brzo i sigurno, u lijepom pakiranju.<\/p>\n<\/div>\n<\/div>\n\n\n\n<div class=\"wp-block-column is-layout-flow wp-block-column-is-layout-flow\">\n<div class=\"wp-block-group is-layout-flow wp-block-group-is-layout-flow\" style=\"border-left-color:var(--wp--preset--color--secondary);border-left-style:solid;border-left-width:4px;padding-left:var(--wp--preset--spacing--50)\">\n<h4 class=\"wp-block-heading has-primary-color has-text-color has-playfair-display-font-family\">&#x1f3a8; Unikatni dizajn<\/h4>\n\n\n\n<p class=\"has-muted-color has-text-color\">Na\u0161i motivi su unikatni i inspirirani hrvatskom tradicijom i prirodom. Ne prodajemo masovnu robu \u2014 svaki komad je poseban.<\/p>\n<\/div>\n<\/div>\n<\/div>\n<\/div>\n\n\n\n<div class=\"wp-block-group alignfull is-layout-constrained wp-block-group-is-layout-constrained has-primary-background-color has-background wp-container-core-group-is-layout-a47e864c\" style=\"padding-top:var(--wp--preset--spacing--80);padding-right:var(--wp--preset--spacing--50);padding-bottom:var(--wp--preset--spacing--80);padding-left:var(--wp--preset--spacing--50)\">\n<h2 class=\"wp-block-heading has-text-align-center has-white-color has-text-color has-playfair-display-font-family\">Posjetite nas<\/h2>\n\n\n\n<p class=\"has-text-align-center has-white-color has-text-color\" style=\"margin-bottom:var(--wp--preset--spacing--60)\">Prona\u0111ite nas i do\u0111ite osobno pogledati na\u0161e proizvode. Uvijek smo sretni primiti goste!<\/p>\n\n\n\n<div style=\"width:100%;max-width:960px;margin:0 auto;border-radius:16px;overflow:hidden;box-shadow:0 8px 32px rgba(0,0,0,0.2);\">\n\t\t<iframe\n\t\t\tsrc=\"https:\/\/maps.google.com\/maps?q=Brezovac+21,+47250+Duga+Resa,+Hrvatska&#038;output=embed\"\n\t\t\twidth=\"100%\"\n\t\t\theight=\"420\"\n\t\t\tstyle=\"border:0;display:block;\"\n\t\t\tallowfullscreen=\"\"\n\t\t\tloading=\"lazy\"\n\t\t\treferrerpolicy=\"no-referrer-when-downgrade\">\n\t\t<\/iframe>\n\t<\/div>\n<\/div>\n","protected":false},"excerpt":{"rendered":"<p>Na\u0161a pri\u010da Mali obrt, velika srce SaMa Obrt je obiteljska radionica iz Duge Rese, u srcu kontinentalne Hrvatske. Stvaramo autenti\u010dne hrvatske suvenire s ljubavlju \u2014 od suvenir igra\u010daka do suvenir odje\u0107e s tradicijskim motivima. Svaki na\u0161 proizvod nosi pri\u010du o Hrvatskoj \u2014 o njezinoj prirodi, tradiciji i toplini doma. Savr\u0161eni su pokloni za sve koji [&hellip;]<\/p>\n","protected":false},"author":1,"featured_media":0,"parent":0,"menu_order":0,"comment_status":"closed","ping_status":"closed","template":"","meta":{"footnotes":""},"class_list":["post-66","page","type-page","status-publish","hentry"],"_links":{"self":[{"href":"https:\/\/sama-obrt.zumesite.com\/wp-staging\/wp-json\/wp\/v2\/pages\/66","targetHints":{"allow":["GET"]}}],"collection":[{"href":"https:\/\/sama-obrt.zumesite.com\/wp-staging\/wp-json\/wp\/v2\/pages"}],"about":[{"href":"https:\/\/sama-obrt.zumesite.com\/wp-staging\/wp-json\/wp\/v2\/types\/page"}],"author":[{"embeddable":true,"href":"https:\/\/sama-obrt.zumesite.com\/wp-staging\/wp-json\/wp\/v2\/users\/1"}],"replies":[{"embeddable":true,"href":"https:\/\/sama-obrt.zumesite.com\/wp-staging\/wp-json\/wp\/v2\/comments?post=66"}],"version-history":[{"count":11,"href":"https:\/\/sama-obrt.zumesite.com\/wp-staging\/wp-json\/wp\/v2\/pages\/66\/revisions"}],"predecessor-version":[{"id":287,"href":"https:\/\/sama-obrt.zumesite.com\/wp-staging\/wp-json\/wp\/v2\/pages\/66\/revisions\/287"}],"wp:attachment":[{"href":"https:\/\/sama-obrt.zumesite.com\/wp-staging\/wp-json\/wp\/v2\/media?parent=66"}],"curies":[{"name":"wp","href":"https:\/\/api.w.org\/{rel}","templated":true}]}}